{"id":41,"date":"2016-07-13T15:33:04","date_gmt":"2016-07-13T13:33:04","guid":{"rendered":"http:\/\/www.heinzelmaennchen-transporte.de\/en\/?page_id=41"},"modified":"2025-08-12T08:44:35","modified_gmt":"2025-08-12T06:44:35","slug":"imprint","status":"publish","type":"page","link":"https:\/\/www.heinzelmaennchen-transporte.de\/en\/imprint\/","title":{"rendered":"Imprint"},"content":{"rendered":"<p>Publisher<\/p>\n<p>Heinzelm\u00e4nnchen Umz\u00fcge &amp; Service<br \/>\nInh. Mario Krause<br \/>\nEisenbahnstra\u00dfe 2<br \/>\n01097 Dresden<br \/>\nGERMANY<\/p>\n<p>Telephone<br \/>\nDresden: 0049 351 \/ 32 92 17 17<br \/>\nFax: 0049 351 \/ 32 92 17 18<\/p>\n<p>Office Bautzen: 0049 3591 \/ 5 31 70 61<\/p>\n<p>Office Hoyerswerda: 0049 3571 \/ 93 00 00<\/p>\n<p>Internet: www.heinzelmaennchen-transporte.de<br \/>\nEmail: info@heinzelmaennchen-transporte.de<\/p>\n<p>Tax number: 202\/241\/076\/85<\/p>\n","protected":false},"excerpt":{"rendered":"<p>Publisher Heinzelm\u00e4nnchen Umz\u00fcge &amp; Service Inh. Mario Krause Eisenbahnstra\u00dfe 2 01097 Dresden GERMANY Telephone Dresden: 0049 351 \/ 32 92 17 17 Fax: 0049 351 \/ 32 92 17 18 Office Bautzen: 0049 3591 \/ 5 31 70 61 Office Hoyerswerda: 0049 3571 \/ 93 00 00 Internet: www.heinzelmaennchen-transporte.de Email: info@heinzelmaennchen-transporte.de Tax number: 202\/241\/076\/85<\/p>\n","protected":false},"author":1,"featured_media":0,"parent":0,"menu_order":0,"comment_status":"closed","ping_status":"closed","template":"","meta":{"footnotes":""},"class_list":["post-41","page","type-page","status-publish","hentry"],"aioseo_notices":[],"_links":{"self":[{"href":"https:\/\/www.heinzelmaennchen-transporte.de\/en\/wp-json\/wp\/v2\/pages\/41","targetHints":{"allow":["GET"]}}],"collection":[{"href":"https:\/\/www.heinzelmaennchen-transporte.de\/en\/wp-json\/wp\/v2\/pages"}],"about":[{"href":"https:\/\/www.heinzelmaennchen-transporte.de\/en\/wp-json\/wp\/v2\/types\/page"}],"author":[{"embeddable":true,"href":"https:\/\/www.heinzelmaennchen-transporte.de\/en\/wp-json\/wp\/v2\/users\/1"}],"replies":[{"embeddable":true,"href":"https:\/\/www.heinzelmaennchen-transporte.de\/en\/wp-json\/wp\/v2\/comments?post=41"}],"version-history":[{"count":2,"href":"https:\/\/www.heinzelmaennchen-transporte.de\/en\/wp-json\/wp\/v2\/pages\/41\/revisions"}],"predecessor-version":[{"id":73,"href":"https:\/\/www.heinzelmaennchen-transporte.de\/en\/wp-json\/wp\/v2\/pages\/41\/revisions\/73"}],"wp:attachment":[{"href":"https:\/\/www.heinzelmaennchen-transporte.de\/en\/wp-json\/wp\/v2\/media?parent=41"}],"curies":[{"name":"wp","href":"https:\/\/api.w.org\/{rel}","templated":true}]}}